{"id":1004,"date":"2018-10-24T19:41:59","date_gmt":"2018-10-24T17:41:59","guid":{"rendered":"http:\/\/calendrier.scrabblepaysdoc.fr\/?page_id=1004"},"modified":"2021-11-25T14:22:43","modified_gmt":"2021-11-25T13:22:43","slug":"accueil","status":"publish","type":"page","link":"https:\/\/calendrier.scrabblepaysdoc.fr\/","title":{"rendered":"Accueil"},"content":{"rendered":"<p>Vous trouverez sur ce blog toutes les informations utiles pour vous renseigner sur les diff\u00e9rentes manifestations de Scrabble en Pays d&rsquo;Oc&#8230;<\/p>\n<p>Vous pouvez prendre connaissance des contenus des weekends et semaines organis\u00e9s sous l&rsquo;\u00e9gide du Comit\u00e9 Pays d&rsquo;Oc : <span style=\"background-color: #ffffff; color: #ff0000;\"><strong><a style=\"background-color: #ffffff; color: #ff0000;\" href=\"https:\/\/jtg.scrabbleenpaysdoc.fr\/calendrier\/\">calendrier festivals 2021-2022<\/a><\/strong><\/span><\/p>\n<p><a href=\"http:\/\/www.cal.scrabblefisf.com\/wp-content\/uploads\/2014\/09\/Toulouse-20121.png\" class=\"broken_link\"><img decoding=\"async\" loading=\"lazy\" class=\"aligncenter wp-image-514\" src=\"http:\/\/www.cal.scrabblefisf.com\/wp-content\/uploads\/2014\/09\/Toulouse-20121-300x197.png\" alt=\"Toulouse 2012\" width=\"352\" height=\"231\" srcset=\"https:\/\/calendrier.scrabblepaysdoc.fr\/wp-content\/uploads\/2014\/09\/Toulouse-20121-300x197.png 300w, https:\/\/calendrier.scrabblepaysdoc.fr\/wp-content\/uploads\/2014\/09\/Toulouse-20121.png 344w\" sizes=\"(max-width: 352px) 100vw, 352px\" \/><\/a><\/p>\n<p>Les responsables des clubs du Comit\u00e9 Scrabble en Pays d&rsquo;Oc sont invit\u00e9s \u00e0 communiquer \u00a0la liste de toutes les candidatures \u00e0 l&rsquo;organisation d&rsquo;une \u00e9preuve \u00e0 Serge DELHOM<\/p>\n<p>Pour t\u00e9l\u00e9charger le calendrier g\u00e9n\u00e9ral des \u00e9preuves sur le comit\u00e9, rendez-vous sur l&rsquo;onglet \u00ab\u00a0je consulte\u00a0\u00bb : <a href=\"http:\/\/calendrier.scrabblepaysdoc.fr\/?page_id=36\">Calendrier Pays d&rsquo;Oc<\/a><\/p>\n<p>&nbsp;<\/p>\n","protected":false},"excerpt":{"rendered":"<p>Vous trouverez sur ce blog toutes les informations utiles pour vous renseigner sur les diff\u00e9rentes manifestations de Scrabble en Pays d&rsquo;Oc&#8230; Vous pouvez prendre connaissance des contenus des weekends et semaines organis\u00e9s sous l&rsquo;\u00e9gide du Comit\u00e9 Pays d&rsquo;Oc : calendrier festivals 2021-2022 Les responsables des clubs du Comit\u00e9 Scrabble en &hellip;<\/p>\n","protected":false},"author":2,"featured_media":0,"parent":0,"menu_order":0,"comment_status":"closed","ping_status":"closed","template":"","meta":[],"_links":{"self":[{"href":"https:\/\/calendrier.scrabblepaysdoc.fr\/index.php?rest_route=\/wp\/v2\/pages\/1004"}],"collection":[{"href":"https:\/\/calendrier.scrabblepaysdoc.fr\/index.php?rest_route=\/wp\/v2\/pages"}],"about":[{"href":"https:\/\/calendrier.scrabblepaysdoc.fr\/index.php?rest_route=\/wp\/v2\/types\/page"}],"author":[{"embeddable":true,"href":"https:\/\/calendrier.scrabblepaysdoc.fr\/index.php?rest_route=\/wp\/v2\/users\/2"}],"replies":[{"embeddable":true,"href":"https:\/\/calendrier.scrabblepaysdoc.fr\/index.php?rest_route=%2Fwp%2Fv2%2Fcomments&post=1004"}],"version-history":[{"count":10,"href":"https:\/\/calendrier.scrabblepaysdoc.fr\/index.php?rest_route=\/wp\/v2\/pages\/1004\/revisions"}],"predecessor-version":[{"id":1225,"href":"https:\/\/calendrier.scrabblepaysdoc.fr\/index.php?rest_route=\/wp\/v2\/pages\/1004\/revisions\/1225"}],"wp:attachment":[{"href":"https:\/\/calendrier.scrabblepaysdoc.fr\/index.php?rest_route=%2Fwp%2Fv2%2Fmedia&parent=1004"}],"curies":[{"name":"wp","href":"https:\/\/api.w.org\/{rel}","templated":true}]}}