{"id":36,"date":"2014-09-03T20:02:54","date_gmt":"2014-09-03T18:02:54","guid":{"rendered":"http:\/\/www.cal.scrabblefisf.com\/?page_id=36"},"modified":"2021-11-25T14:28:42","modified_gmt":"2021-11-25T13:28:42","slug":"telechargez-le-calendrier","status":"publish","type":"page","link":"https:\/\/calendrier.scrabblepaysdoc.fr\/?page_id=36","title":{"rendered":"Je consulte les calendriers"},"content":{"rendered":"<ul>\n<li><strong><span style=\"color: #ff0000;\"><a style=\"color: #ff0000;\" href=\"https:\/\/jtg.scrabbleenpaysdoc.fr\/calendrier\/\">Festivals2021-2022<\/a><\/span><span style=\"color: #000000;\"><strong>, le calendrier<\/strong> des festivals 2021-2022 sur le site JTG<\/span><\/strong><\/li>\n<li><span style=\"color: #ff0000;\"><strong><span style=\"color: #ff0000;\"><a style=\"color: #ff0000;\" href=\"http:\/\/calendrier.scrabblepaysdoc.fr\/wp-content\/uploads\/2020\/09\/calendrier2020-2021.pdf\" target=\"_blank\" rel=\"noopener noreferrer\">CalendrierPaysd&rsquo;Oc2021-20<\/a><a style=\"color: #ff0000;\" href=\"http:\/\/calendrier.scrabblepaysdoc.fr\/wp-content\/uploads\/2020\/09\/calendrier2020-2021.pdf\">22<\/a><span style=\"color: #000000;\">, \u00e9preuves \u00e0 centres et finales <\/span><\/span><\/strong><\/span>\u00e0 jour au 24\/11\/2021 <a href=\"http:\/\/calendrier.scrabblepaysdoc.fr\/wp-content\/uploads\/2021\/11\/calendrier2021-2023-centres.pdf\">calendrier2021-2023 centres<\/a><\/li>\n<li>Apr\u00e8s avoir consult\u00e9 et\/ou t\u00e9l\u00e9charg\u00e9 le calendrier, merci de signaler toute erreur ou ajout \u00e0 Serge<\/li>\n<li><b>Les prochains festivals sur le Comit\u00e9 Pays d&rsquo;Oc<\/b><\/li>\n<\/ul>\n<p>Vous pouvez retrouver des informations pour chacun des festivals \u00e0 partir de ce lien :\u00a0 <strong><span style=\"color: #ff0000;\"><a style=\"color: #ff0000;\" href=\"https:\/\/jtg.scrabbleenpaysdoc.fr\/calendrier\/\">Festivals en Pays d&rsquo;Oc<\/a><\/span><\/strong><\/p>\n<p>Dans la mesure de nos possibilit\u00e9s, vous pourrez prendre connaissance de la liste des inscrits avant les manifestations : <span style=\"color: #0000ff;\"><strong><a style=\"color: #0000ff;\" href=\"https:\/\/jtg.scrabbleenpaysdoc.fr\/inscrits\/\">Inscrits<\/a><\/strong><\/span><\/p>\n<p>Pensez \u00e0 bien respecter les consignes pour vous inscrire sur les divers flyers, possiblement diff\u00e9rentes pour chaque destination&#8230;<\/p>\n<p>Serge reste \u00e0 votre disposition pour toute pr\u00e9cision suppl\u00e9mentaire&#8230;<\/p>\n<p><a href=\"mailto:sergedelhom31@gmail.com\">sergedelhom31@gmail.com<\/a><\/p>\n","protected":false},"excerpt":{"rendered":"<p>Festivals2021-2022, le calendrier des festivals 2021-2022 sur le site JTG CalendrierPaysd&rsquo;Oc2021-2022, \u00e9preuves \u00e0 centres et finales \u00e0 jour au 24\/11\/2021 calendrier2021-2023 centres Apr\u00e8s avoir consult\u00e9 et\/ou t\u00e9l\u00e9charg\u00e9 le calendrier, merci de signaler toute erreur ou ajout \u00e0 Serge Les prochains festivals sur le Comit\u00e9 Pays d&rsquo;Oc Vous pouvez retrouver des &hellip;<\/p>\n","protected":false},"author":2,"featured_media":0,"parent":0,"menu_order":1,"comment_status":"closed","ping_status":"closed","template":"","meta":[],"_links":{"self":[{"href":"https:\/\/calendrier.scrabblepaysdoc.fr\/index.php?rest_route=\/wp\/v2\/pages\/36"}],"collection":[{"href":"https:\/\/calendrier.scrabblepaysdoc.fr\/index.php?rest_route=\/wp\/v2\/pages"}],"about":[{"href":"https:\/\/calendrier.scrabblepaysdoc.fr\/index.php?rest_route=\/wp\/v2\/types\/page"}],"author":[{"embeddable":true,"href":"https:\/\/calendrier.scrabblepaysdoc.fr\/index.php?rest_route=\/wp\/v2\/users\/2"}],"replies":[{"embeddable":true,"href":"https:\/\/calendrier.scrabblepaysdoc.fr\/index.php?rest_route=%2Fwp%2Fv2%2Fcomments&post=36"}],"version-history":[{"count":154,"href":"https:\/\/calendrier.scrabblepaysdoc.fr\/index.php?rest_route=\/wp\/v2\/pages\/36\/revisions"}],"predecessor-version":[{"id":1229,"href":"https:\/\/calendrier.scrabblepaysdoc.fr\/index.php?rest_route=\/wp\/v2\/pages\/36\/revisions\/1229"}],"wp:attachment":[{"href":"https:\/\/calendrier.scrabblepaysdoc.fr\/index.php?rest_route=%2Fwp%2Fv2%2Fmedia&parent=36"}],"curies":[{"name":"wp","href":"https:\/\/api.w.org\/{rel}","templated":true}]}}