{"id":49,"date":"2014-09-04T10:17:42","date_gmt":"2014-09-04T08:17:42","guid":{"rendered":"http:\/\/www.cal.scrabblefisf.com\/?page_id=49"},"modified":"2021-11-25T14:16:24","modified_gmt":"2021-11-25T13:16:24","slug":"vos-referents","status":"publish","type":"page","link":"https:\/\/calendrier.scrabblepaysdoc.fr\/?page_id=49","title":{"rendered":"Vos r\u00e9f\u00e9rents"},"content":{"rendered":"<p>Les personnes suivantes sont \u00e0 m\u00eame de vous renseigner pour votre d\u00e9partement :<\/p>\n<p>&#8211; Aude : Mich\u00e8le THIRY (<a class=\"Yh1nIb asUmFb AL18ce\" href=\"mailto:michele.thiry@free.fr\" target=\"_blank\" rel=\"noopener noreferrer\" data-tooltip=\"Informations issues de vos contacts Google\" data-tooltip-position=\"top\">michele.thiry@free.fr<\/a>)<\/p>\n<p>&#8211; Ari\u00e8ge : Serge DELHOM<\/p>\n<p>&#8211; Aveyron : Serge DELHOM<\/p>\n<p>&#8211; Gers : Jacqueline POUPOT\u00a0(<a class=\"jzcNb sxpygb AL18ce\" href=\"mailto:robertpoupot@orange.fr\" target=\"_blank\" rel=\"noopener noreferrer\" data-tooltip=\"Informations issues de vos contacts Google\" data-tooltip-position=\"top\">robertpoupot@orange.fr<\/a>)<\/p>\n<p>&#8211; Haute-Garonne : Serge DELHOM<\/p>\n<p>&#8211; Hautes-Pyr\u00e9n\u00e9es : Patricia BARALDO (<a class=\"jzcNb sxpygb AL18ce\" href=\"mailto:scrabblissime@yahoo.fr\" target=\"_blank\" rel=\"noopener noreferrer\" data-tooltip=\"Informations issues de vos contacts Google\" data-tooltip-position=\"top\">scrabblissime@yahoo.fr<\/a>)<\/p>\n<p>&#8211; Lot : Bernadette FERRI (<a class=\"Yh1nIb asUmFb AL18ce\" href=\"mailto:bernadette.ferri@laposte.net\" target=\"_blank\" rel=\"noopener noreferrer\" data-tooltip=\"Informations issues de vos contacts Google\" data-tooltip-position=\"top\">bernadette.ferri@laposte.net<\/a>) et Brigitte LAMARQUE\u00a0 (<a class=\"Yh1nIb asUmFb AL18ce\" href=\"mailto:blamarque@wanadoo.fr\" target=\"_blank\" rel=\"noopener noreferrer\" data-tooltip=\"Informations issues de votre profil Google\" data-tooltip-position=\"top\">blamarque@wanadoo.fr<\/a>)<\/p>\n<p>&#8211; Lot-et-Garonne : Serge DELHOM<\/p>\n<p>&#8211; Tarn : Nicole FAU, Philippe LUTSEN et Marie-C\u00e9cile LEVEAU<\/p>\n<p>(<a class=\"jzcNb sxpygb AL18ce\" href=\"mailto:nicolefau81@gmail.com\" target=\"_blank\" rel=\"noopener noreferrer\" data-tooltip=\"Informations issues de votre profil Google\" data-tooltip-position=\"top\">nicolefau81@gmail.com<\/a>) &#8211; (leveau.marie-cecile@orange.fr)<\/p>\n<p>&#8211; Tarn-et-Garonne : Simone MALCUY (<a class=\"jzcNb sxpygb AL18ce\" href=\"mailto:simone.malcuy@wanadoo.fr\" target=\"_blank\" rel=\"noopener noreferrer\" data-tooltip=\"Informations issues de votre profil Google\" data-tooltip-position=\"top\">simone.malcuy@wanadoo.fr<\/a>) et\/ou Simone GUINDANI (<a class=\"jzcNb sxpygb AL18ce\" href=\"mailto:simone.guindani@orange.fr\" target=\"_blank\" rel=\"noopener noreferrer\" data-tooltip=\"Informations issues de votre profil Google\" data-tooltip-position=\"top\">simone.guindani@orange.fr<\/a>)<\/p>\n","protected":false},"excerpt":{"rendered":"<p>Les personnes suivantes sont \u00e0 m\u00eame de vous renseigner pour votre d\u00e9partement : &#8211; Aude : Mich\u00e8le THIRY (michele.thiry@free.fr) &#8211; Ari\u00e8ge : Serge DELHOM &#8211; Aveyron : Serge DELHOM &#8211; Gers : Jacqueline POUPOT\u00a0(robertpoupot@orange.fr) &#8211; Haute-Garonne : Serge DELHOM &#8211; Hautes-Pyr\u00e9n\u00e9es : Patricia BARALDO (scrabblissime@yahoo.fr) &#8211; Lot : Bernadette FERRI &hellip;<\/p>\n","protected":false},"author":2,"featured_media":0,"parent":0,"menu_order":3,"comment_status":"closed","ping_status":"closed","template":"","meta":[],"_links":{"self":[{"href":"https:\/\/calendrier.scrabblepaysdoc.fr\/index.php?rest_route=\/wp\/v2\/pages\/49"}],"collection":[{"href":"https:\/\/calendrier.scrabblepaysdoc.fr\/index.php?rest_route=\/wp\/v2\/pages"}],"about":[{"href":"https:\/\/calendrier.scrabblepaysdoc.fr\/index.php?rest_route=\/wp\/v2\/types\/page"}],"author":[{"embeddable":true,"href":"https:\/\/calendrier.scrabblepaysdoc.fr\/index.php?rest_route=\/wp\/v2\/users\/2"}],"replies":[{"embeddable":true,"href":"https:\/\/calendrier.scrabblepaysdoc.fr\/index.php?rest_route=%2Fwp%2Fv2%2Fcomments&post=49"}],"version-history":[{"count":28,"href":"https:\/\/calendrier.scrabblepaysdoc.fr\/index.php?rest_route=\/wp\/v2\/pages\/49\/revisions"}],"predecessor-version":[{"id":1223,"href":"https:\/\/calendrier.scrabblepaysdoc.fr\/index.php?rest_route=\/wp\/v2\/pages\/49\/revisions\/1223"}],"wp:attachment":[{"href":"https:\/\/calendrier.scrabblepaysdoc.fr\/index.php?rest_route=%2Fwp%2Fv2%2Fmedia&parent=49"}],"curies":[{"name":"wp","href":"https:\/\/api.w.org\/{rel}","templated":true}]}}